{"id":111,"date":"2022-09-12T14:58:14","date_gmt":"2022-09-12T14:58:14","guid":{"rendered":"https:\/\/i2u.ca\/?page_id=111"},"modified":"2023-09-11T18:28:20","modified_gmt":"2023-09-11T18:28:20","slug":"about-us","status":"publish","type":"page","link":"https:\/\/i2u.ca\/fr\/about-us\/","title":{"rendered":"\u00c0 propos de nous et du conseil consultatif d'I2U"},"content":{"rendered":"<div class=\"wp-block-group alignwide has-secondary-background-color has-background mt-0 is-vertical is-content-justification-center is-layout-flex wp-container-core-group-is-layout-4b2eccd6 wp-block-group-is-layout-flex\">\n<h3 class=\"wp-block-heading alignfull has-text-align-center\" style=\"font-style:normal;font-weight:700;text-transform:capitalize\"><strong><strong>\u00c0 propos de nous et du conseil consultatif d'I2U<\/strong><\/strong><\/h3>\n<\/div>\n\n\n\n<div class=\"wp-block-group alignwide is-vertical is-layout-flex wp-container-core-group-is-layout-8cf370e7 wp-block-group-is-layout-flex\">\n<p>Le mandat d'I2U est de soutenir la pr\u00e9paration et la capacit\u00e9 du syst\u00e8me de sant\u00e9 pour les m\u00e9dicaments r\u00e9volutionnaires - et ce faisant, d'acc\u00e9l\u00e9rer le passage de l'id\u00e9e \u00e0 l'utilisation.<br><br>Notre observation fondamentale est qu'au Canada \u2013 et partout dans le monde \u2013 les \u00e9tapes allant de l'approbation r\u00e9glementaire au remboursement sont d\u00e9finies par des processus hautement structur\u00e9s, bien \u00e9tablis et exigeants en mati\u00e8re d'institutions. En revanche, apr\u00e8s le remboursement, le lancement des m\u00e9dicaments sur le march\u00e9 est radicalement diff\u00e9rent : avec un ensemble d'approches, de mandats et de responsabilit\u00e9s qui diff\u00e8rent souvent d'une province \u00e0 l'autre, d'un h\u00f4pital \u00e0 l'autre et d'un clinicien \u00e0 l'autre.<br><br>Cette perspective cl\u00e9 a aid\u00e9 \u00e0 clarifier comment et o\u00f9 I2U peut faire une diff\u00e9rence significative et distinctive :&nbsp; <strong>en aidant \u00e0 s'assurer que la conversation autour de l'acc\u00e8s au march\u00e9 des m\u00e9dicaments r\u00e9volutionnaires met l'accent sur ce qui se passe <u>apr\u00e8s<\/u> le remboursement.<\/strong><br><br>Le travail d'I2U vers cet objectif est guid\u00e9 par un conseil consultatif ind\u00e9pendant d'experts en performance du syst\u00e8me de sant\u00e9, en utilisation de la technologie et en application des connaissances :<\/p>\n\n\n\n<p class=\"has-text-align-left\"><\/p>\n<\/div>\n\n\n\n<div class=\"wp-block-group alignfull\"><div class=\"wp-block-group__inner-container is-layout-flow wp-block-group-is-layout-flow\"><div class='rt-container-fluid rt-team-container rt-pos-r rt-team-container-110' id='rt-team-container-827341497'  data-layout='layout1' data-desktop-col='3'  data-tab-col='2'  data-mobile-col='2' data-sc-id='110' data-popup-bg=''><div data-title='Loading ...' class='rt-row rt-content-loader layout1 ttp-even ttp-pre-loader'><div class=\"rt-col-md-4 rt-col-sm-6 rt-col-xs-6  even-grid-item rt-grid-item\" data-id=\"108\"><div class=\"single-team-area\"><div class=\"single-team\"><figure><a class=\"\" data-id=\"108\" target=\"_self\" href=\"https:\/\/i2u.ca\/fr\/experts\/dr-shaan-chugh\/\"><img fetchpriority=\"high\" decoding=\"async\" width=\"660\" height=\"660\" src=\"https:\/\/i2u.ca\/wp-content\/uploads\/2022\/09\/1639094789484.jpeg\" class=\"img-responsive rt-team-img\" alt=\"Dr. Shaan Chugh\" \/><\/a><\/figure><\/div><div class=\"tlp-content\"><h3><span class=\"team-name\"><a class=\"\" data-id=\"108\" target=\"_self\" title=\"Dr. Shaan Chugh\" href=\"https:\/\/i2u.ca\/fr\/experts\/dr-shaan-chugh\/\">Dr. Shaan Chugh<\/a><\/span><\/h3><div class=\"tlp-position\"><a class=\"\" data-id=\"108\" target=\"_self\" title=\"Dr. Shaan Chugh\" href=\"https:\/\/i2u.ca\/fr\/experts\/dr-shaan-chugh\/\">Un m\u00e9decin en m\u00e9decine interne qui pratique actuellement chez Trillium Health Partners - l'une des plus grandes organisations hospitali\u00e8res au Canada - ainsi qu'\u00e0 la Cleveland Clinic Canada \u00e0 Toronto<\/a><\/div><\/div><\/div><\/div><div class=\"rt-col-md-4 rt-col-sm-6 rt-col-xs-6  even-grid-item rt-grid-item\" data-id=\"121\"><div class=\"single-team-area\"><div class=\"single-team\"><figure><a class=\"\" data-id=\"121\" target=\"_self\" href=\"https:\/\/i2u.ca\/fr\/experts\/martine-elias\/\"><img decoding=\"async\" width=\"660\" height=\"660\" src=\"https:\/\/i2u.ca\/wp-content\/uploads\/2022\/09\/1641997685907.jpeg\" class=\"img-responsive rt-team-img\" alt=\"Martine Elias\" \/><\/a><\/figure><\/div><div class=\"tlp-content\"><h3><span class=\"team-name\"><a class=\"\" data-id=\"121\" target=\"_self\" title=\"Martine Elias\" href=\"https:\/\/i2u.ca\/fr\/experts\/martine-elias\/\">Martine Elias<\/a><\/span><\/h3><div class=\"tlp-position\"><a class=\"\" data-id=\"121\" target=\"_self\" title=\"Martine Elias\" href=\"https:\/\/i2u.ca\/fr\/experts\/martine-elias\/\">Pr\u00e9sidente-directrice g\u00e9n\u00e9rale de My\u00e9lome Canada et pr\u00e9sidente du Collective Oncology Network for Exchange, Cancer Care Innovation, Treatment Access and Education (CONECTed)<\/a><\/div><\/div><\/div><\/div><div class=\"rt-col-md-4 rt-col-sm-6 rt-col-xs-6  even-grid-item rt-grid-item\" data-id=\"123\"><div class=\"single-team-area\"><div class=\"single-team\"><figure><a class=\"\" data-id=\"123\" target=\"_self\" href=\"https:\/\/i2u.ca\/fr\/experts\/zayna-khayat\/\"><img decoding=\"async\" width=\"660\" height=\"660\" src=\"https:\/\/i2u.ca\/wp-content\/uploads\/2022\/09\/1633395123029.jpeg\" class=\"img-responsive rt-team-img\" alt=\"Zayna Khayat\" \/><\/a><\/figure><\/div><div class=\"tlp-content\"><h3><span class=\"team-name\"><a class=\"\" data-id=\"123\" target=\"_self\" title=\"Zayna Khayat\" href=\"https:\/\/i2u.ca\/fr\/experts\/zayna-khayat\/\">Zayna Khayat<\/a><\/span><\/h3><div class=\"tlp-position\"><a class=\"\" data-id=\"123\" target=\"_self\" title=\"Zayna Khayat\" href=\"https:\/\/i2u.ca\/fr\/experts\/zayna-khayat\/\">D\u00e9veloppement des affaires et strat\u00e9gie avec Teladoc Health au Canada et ancienne cofondatrice et chef de l'\u00e9quipe Futures de l'organisme national de sant\u00e9 \u00e0 domicile et de vieillissement \u00e0 but non lucratif, SE Health<\/a><\/div><\/div><\/div><\/div><div class=\"rt-col-md-4 rt-col-sm-6 rt-col-xs-6  even-grid-item rt-grid-item\" data-id=\"127\"><div class=\"single-team-area\"><div class=\"single-team\"><figure><a class=\"\" data-id=\"127\" target=\"_self\" href=\"https:\/\/i2u.ca\/fr\/experts\/marcel-saulnier\/\"><img loading=\"lazy\" decoding=\"async\" width=\"660\" height=\"660\" src=\"https:\/\/i2u.ca\/wp-content\/uploads\/2022\/09\/Marcel.png\" class=\"img-responsive rt-team-img\" alt=\"Marcel Saulnier\" \/><\/a><\/figure><\/div><div class=\"tlp-content\"><h3><span class=\"team-name\"><a class=\"\" data-id=\"127\" target=\"_self\" title=\"Marcel Saulnier\" href=\"https:\/\/i2u.ca\/fr\/experts\/marcel-saulnier\/\">Marcel Saulnier<\/a><\/span><\/h3><div class=\"tlp-position\"><a class=\"\" data-id=\"127\" target=\"_self\" title=\"Marcel Saulnier\" href=\"https:\/\/i2u.ca\/fr\/experts\/marcel-saulnier\/\">Consultant en politique de la sant\u00e9 et associ\u00e9 chez Santis Health, ancien sous-ministre adjoint associ\u00e9 de la Direction g\u00e9n\u00e9rale de la politique strat\u00e9gique de Sant\u00e9 Canada, Direction g\u00e9n\u00e9rale de la politique strat\u00e9gique de Sant\u00e9 Canada<\/a><\/div><\/div><\/div><\/div><div class=\"rt-col-md-4 rt-col-sm-6 rt-col-xs-6  even-grid-item rt-grid-item\" data-id=\"129\"><div class=\"single-team-area\"><div class=\"single-team\"><figure><a class=\"\" data-id=\"129\" target=\"_self\" href=\"https:\/\/i2u.ca\/fr\/experts\/graham-statt\/\"><img loading=\"lazy\" decoding=\"async\" width=\"660\" height=\"660\" src=\"https:\/\/i2u.ca\/wp-content\/uploads\/2022\/09\/1592926564043.jpeg\" class=\"img-responsive rt-team-img\" alt=\"Graham Statt\" \/><\/a><\/figure><\/div><div class=\"tlp-content\"><h3><span class=\"team-name\"><a class=\"\" data-id=\"129\" target=\"_self\" title=\"Graham Statt\" href=\"https:\/\/i2u.ca\/fr\/experts\/graham-statt\/\">Graham Statt<\/a><\/span><\/h3><div class=\"tlp-position\"><a class=\"\" data-id=\"129\" target=\"_self\" title=\"Graham Statt\" href=\"https:\/\/i2u.ca\/fr\/experts\/graham-statt\/\">Directeur administratif du district de Summerland, en Colombie-Britannique et ancien sous-ministre adjoint de la Division des prestations pharmaceutiques et suppl\u00e9mentaires du minist\u00e8re de la Sant\u00e9 de l'Alberta<\/a><\/div><\/div><\/div><\/div><div class=\"rt-col-md-4 rt-col-sm-6 rt-col-xs-6  even-grid-item rt-grid-item\" data-id=\"131\"><div class=\"single-team-area\"><div class=\"single-team\"><figure><a class=\"\" data-id=\"131\" target=\"_self\" href=\"https:\/\/i2u.ca\/fr\/experts\/helen-stevenson\/\"><img loading=\"lazy\" decoding=\"async\" width=\"660\" height=\"660\" src=\"https:\/\/i2u.ca\/wp-content\/uploads\/2022\/09\/Helen-Stevenson.jpg\" class=\"img-responsive rt-team-img\" alt=\"Helen Stevenson\" \/><\/a><\/figure><\/div><div class=\"tlp-content\"><h3><span class=\"team-name\"><a class=\"\" data-id=\"131\" target=\"_self\" title=\"Helen Stevenson\" href=\"https:\/\/i2u.ca\/fr\/experts\/helen-stevenson\/\">Helen Stevenson<\/a><\/span><\/h3><div class=\"tlp-position\"><a class=\"\" data-id=\"131\" target=\"_self\" title=\"Helen Stevenson\" href=\"https:\/\/i2u.ca\/fr\/experts\/helen-stevenson\/\">Fondatrice et PDG de Reformulary Group, elle est l'ancienne et la premi\u00e8re directrice g\u00e9n\u00e9rale des programmes publics de m\u00e9dicaments de l'Ontario et sous-ministre adjointe de la Sant\u00e9<\/a><\/div><\/div><\/div><\/div><div class=\"rt-col-md-4 rt-col-sm-6 rt-col-xs-6  even-grid-item rt-grid-item\" data-id=\"288\"><div class=\"single-team-area\"><div class=\"single-team\"><figure><a class=\"\" data-id=\"288\" target=\"_self\" href=\"https:\/\/i2u.ca\/fr\/experts\/dr-robyn-tamblyn\/\"><img loading=\"lazy\" decoding=\"async\" width=\"400\" height=\"400\" src=\"https:\/\/i2u.ca\/wp-content\/uploads\/2022\/09\/VAxqig9__400x400.jpeg\" class=\"img-responsive rt-team-img\" alt=\"Dr. Robyn Tamblyn\" \/><\/a><\/figure><\/div><div class=\"tlp-content\"><h3><span class=\"team-name\"><a class=\"\" data-id=\"288\" target=\"_self\" title=\"Dr. Robyn Tamblyn\" href=\"https:\/\/i2u.ca\/fr\/experts\/dr-robyn-tamblyn\/\">Dr. Robyn Tamblyn<\/a><\/span><\/h3><div class=\"tlp-position\"><a class=\"\" data-id=\"288\" target=\"_self\" title=\"Dr. Robyn Tamblyn\" href=\"https:\/\/i2u.ca\/fr\/experts\/dr-robyn-tamblyn\/\">Professeure de m\u00e9decine, chaire James McGill et travailleuse scientifique en m\u00e9decine au Centre universitaire de sant\u00e9 McGill, ancien directeur scientifique de  l'IRSC - Institut des services et des politiques de la sant\u00e9.<\/a><\/div><\/div><\/div><\/div><div class=\"rt-loading-overlay\"><\/div><div class=\"rt-loading rt-ball-clip-rotate\"><div><\/div><\/div><\/div><\/div>\n<\/div><\/div>\n\n\n\n<div class=\"wp-block-columns alignwide are-vertically-aligned-center has-secondary-background-color has-background is-layout-flex wp-container-core-columns-is-layout-9d6595d7 wp-block-columns-is-layout-flex\">\n<div class=\"wp-block-column is-vertically-aligned-center is-layout-flow wp-block-column-is-layout-flow\" style=\"flex-basis:100%\">\n<h6 class=\"wp-block-heading alignwide has-text-align-left\" style=\"padding-top:var(--wp--preset--spacing--50);padding-right:var(--wp--preset--spacing--50);padding-bottom:var(--wp--preset--spacing--50);padding-left:var(--wp--preset--spacing--50)\">En faisant participer les patients, les payeurs, les d\u00e9cideurs et les praticiens, nous esp\u00e9rons faire en sorte que les syst\u00e8mes de sant\u00e9 canadiens disposent des outils, des ressources et des connaissances dont ils ont besoin pour tirer pleinement parti des nouvelles technologies m\u00e9dicales transformatrices.<\/h6>\n<\/div>\n<\/div>","protected":false},"excerpt":{"rendered":"<p>About Us &amp; the I2U Advisory Board I2U\u2019s mandate is to support health system readiness and capacity for breakthrough medicines &#8211; and in doing so, accelerate the journey from idea to utilization. Our foundational observation is that in Canada \u2013 and around the world \u2013 the steps from regulatory approval to reimbursement are defined by [&hellip;]<\/p>\n","protected":false},"author":1,"featured_media":0,"parent":0,"menu_order":0,"comment_status":"closed","ping_status":"closed","template":"","meta":{"_coblocks_attr":"","_coblocks_dimensions":"","_coblocks_responsive_height":"","_coblocks_accordion_ie_support":"","hide_page_title":"","footnotes":""},"class_list":["post-111","page","type-page","status-publish","hentry"],"yoast_head":"<!-- This site is optimized with the Yoast SEO plugin v27.6 - https:\/\/yoast.com\/product\/yoast-seo-wordpress\/ -->\n<title>About Us &amp; The I2U Advisory Board - I2U<\/title>\n<meta name=\"robots\" content=\"index, follow, max-snippet:-1, max-image-preview:large, max-video-preview:-1\" \/>\n<link rel=\"canonical\" href=\"https:\/\/i2u.ca\/fr\/about-us\/\" \/>\n<meta property=\"og:locale\" content=\"fr_CA\" \/>\n<meta property=\"og:type\" content=\"article\" \/>\n<meta property=\"og:title\" content=\"About Us &amp; The I2U Advisory Board - I2U\" \/>\n<meta property=\"og:description\" content=\"About Us &amp; the I2U Advisory Board I2U\u2019s mandate is to support health system readiness and capacity for breakthrough medicines &#8211; and in doing so, accelerate the journey from idea to utilization. Our foundational observation is that in Canada \u2013 and around the world \u2013 the steps from regulatory approval to reimbursement are defined by [&hellip;]\" \/>\n<meta property=\"og:url\" content=\"https:\/\/i2u.ca\/fr\/about-us\/\" \/>\n<meta property=\"og:site_name\" content=\"I2U\" \/>\n<meta property=\"article:modified_time\" content=\"2023-09-11T18:28:20+00:00\" \/>\n<meta name=\"twitter:card\" content=\"summary_large_image\" \/>\n<meta name=\"twitter:label1\" content=\"Estimation du temps de lecture\" \/>\n\t<meta name=\"twitter:data1\" content=\"1 minute\" \/>\n<script type=\"application\/ld+json\" class=\"yoast-schema-graph\">{\"@context\":\"https:\\\/\\\/schema.org\",\"@graph\":[{\"@type\":\"WebPage\",\"@id\":\"https:\\\/\\\/i2u.ca\\\/about-us\\\/\",\"url\":\"https:\\\/\\\/i2u.ca\\\/about-us\\\/\",\"name\":\"About Us & The I2U Advisory Board - I2U\",\"isPartOf\":{\"@id\":\"https:\\\/\\\/i2u.ca\\\/#website\"},\"datePublished\":\"2022-09-12T14:58:14+00:00\",\"dateModified\":\"2023-09-11T18:28:20+00:00\",\"breadcrumb\":{\"@id\":\"https:\\\/\\\/i2u.ca\\\/about-us\\\/#breadcrumb\"},\"inLanguage\":\"fr-CA\",\"potentialAction\":[{\"@type\":\"ReadAction\",\"target\":[\"https:\\\/\\\/i2u.ca\\\/about-us\\\/\"]}]},{\"@type\":\"BreadcrumbList\",\"@id\":\"https:\\\/\\\/i2u.ca\\\/about-us\\\/#breadcrumb\",\"itemListElement\":[{\"@type\":\"ListItem\",\"position\":1,\"name\":\"Home\",\"item\":\"https:\\\/\\\/i2u.ca\\\/\"},{\"@type\":\"ListItem\",\"position\":2,\"name\":\"About Us &#038; The I2U Advisory Board\"}]},{\"@type\":\"WebSite\",\"@id\":\"https:\\\/\\\/i2u.ca\\\/#website\",\"url\":\"https:\\\/\\\/i2u.ca\\\/\",\"name\":\"I2U\",\"description\":\"Accelerating the Journey from Idea to Utilization\",\"publisher\":{\"@id\":\"https:\\\/\\\/i2u.ca\\\/#organization\"},\"potentialAction\":[{\"@type\":\"SearchAction\",\"target\":{\"@type\":\"EntryPoint\",\"urlTemplate\":\"https:\\\/\\\/i2u.ca\\\/?s={search_term_string}\"},\"query-input\":{\"@type\":\"PropertyValueSpecification\",\"valueRequired\":true,\"valueName\":\"search_term_string\"}}],\"inLanguage\":\"fr-CA\"},{\"@type\":\"Organization\",\"@id\":\"https:\\\/\\\/i2u.ca\\\/#organization\",\"name\":\"I2U\",\"url\":\"https:\\\/\\\/i2u.ca\\\/\",\"logo\":{\"@type\":\"ImageObject\",\"inLanguage\":\"fr-CA\",\"@id\":\"https:\\\/\\\/i2u.ca\\\/#\\\/schema\\\/logo\\\/image\\\/\",\"url\":\"https:\\\/\\\/i2u.ca\\\/wp-content\\\/uploads\\\/2022\\\/08\\\/I2U-Main-Logo.png\",\"contentUrl\":\"https:\\\/\\\/i2u.ca\\\/wp-content\\\/uploads\\\/2022\\\/08\\\/I2U-Main-Logo.png\",\"width\":413,\"height\":275,\"caption\":\"I2U\"},\"image\":{\"@id\":\"https:\\\/\\\/i2u.ca\\\/#\\\/schema\\\/logo\\\/image\\\/\"}}]}<\/script>\n<!-- \/ Yoast SEO plugin. -->","yoast_head_json":{"title":"About Us & The I2U Advisory Board - I2U","robots":{"index":"index","follow":"follow","max-snippet":"max-snippet:-1","max-image-preview":"max-image-preview:large","max-video-preview":"max-video-preview:-1"},"canonical":"https:\/\/i2u.ca\/fr\/about-us\/","og_locale":"fr_CA","og_type":"article","og_title":"About Us & The I2U Advisory Board - I2U","og_description":"About Us &amp; the I2U Advisory Board I2U\u2019s mandate is to support health system readiness and capacity for breakthrough medicines &#8211; and in doing so, accelerate the journey from idea to utilization. Our foundational observation is that in Canada \u2013 and around the world \u2013 the steps from regulatory approval to reimbursement are defined by [&hellip;]","og_url":"https:\/\/i2u.ca\/fr\/about-us\/","og_site_name":"I2U","article_modified_time":"2023-09-11T18:28:20+00:00","twitter_card":"summary_large_image","twitter_misc":{"Estimation du temps de lecture":"1 minute"},"schema":{"@context":"https:\/\/schema.org","@graph":[{"@type":"WebPage","@id":"https:\/\/i2u.ca\/about-us\/","url":"https:\/\/i2u.ca\/about-us\/","name":"About Us & The I2U Advisory Board - I2U","isPartOf":{"@id":"https:\/\/i2u.ca\/#website"},"datePublished":"2022-09-12T14:58:14+00:00","dateModified":"2023-09-11T18:28:20+00:00","breadcrumb":{"@id":"https:\/\/i2u.ca\/about-us\/#breadcrumb"},"inLanguage":"fr-CA","potentialAction":[{"@type":"ReadAction","target":["https:\/\/i2u.ca\/about-us\/"]}]},{"@type":"BreadcrumbList","@id":"https:\/\/i2u.ca\/about-us\/#breadcrumb","itemListElement":[{"@type":"ListItem","position":1,"name":"Home","item":"https:\/\/i2u.ca\/"},{"@type":"ListItem","position":2,"name":"About Us &#038; The I2U Advisory Board"}]},{"@type":"WebSite","@id":"https:\/\/i2u.ca\/#website","url":"https:\/\/i2u.ca\/","name":"I2U","description":"Acc\u00e9l\u00e9rez le parcours de l'id\u00e9e \u00e0 l'utilisation","publisher":{"@id":"https:\/\/i2u.ca\/#organization"},"potentialAction":[{"@type":"SearchAction","target":{"@type":"EntryPoint","urlTemplate":"https:\/\/i2u.ca\/?s={search_term_string}"},"query-input":{"@type":"PropertyValueSpecification","valueRequired":true,"valueName":"search_term_string"}}],"inLanguage":"fr-CA"},{"@type":"Organization","@id":"https:\/\/i2u.ca\/#organization","name":"I2U","url":"https:\/\/i2u.ca\/","logo":{"@type":"ImageObject","inLanguage":"fr-CA","@id":"https:\/\/i2u.ca\/#\/schema\/logo\/image\/","url":"https:\/\/i2u.ca\/wp-content\/uploads\/2022\/08\/I2U-Main-Logo.png","contentUrl":"https:\/\/i2u.ca\/wp-content\/uploads\/2022\/08\/I2U-Main-Logo.png","width":413,"height":275,"caption":"I2U"},"image":{"@id":"https:\/\/i2u.ca\/#\/schema\/logo\/image\/"}}]}},"_links":{"self":[{"href":"https:\/\/i2u.ca\/fr\/wp-json\/wp\/v2\/pages\/111","targetHints":{"allow":["GET"]}}],"collection":[{"href":"https:\/\/i2u.ca\/fr\/wp-json\/wp\/v2\/pages"}],"about":[{"href":"https:\/\/i2u.ca\/fr\/wp-json\/wp\/v2\/types\/page"}],"author":[{"embeddable":true,"href":"https:\/\/i2u.ca\/fr\/wp-json\/wp\/v2\/users\/1"}],"replies":[{"embeddable":true,"href":"https:\/\/i2u.ca\/fr\/wp-json\/wp\/v2\/comments?post=111"}],"version-history":[{"count":24,"href":"https:\/\/i2u.ca\/fr\/wp-json\/wp\/v2\/pages\/111\/revisions"}],"predecessor-version":[{"id":380,"href":"https:\/\/i2u.ca\/fr\/wp-json\/wp\/v2\/pages\/111\/revisions\/380"}],"wp:attachment":[{"href":"https:\/\/i2u.ca\/fr\/wp-json\/wp\/v2\/media?parent=111"}],"curies":[{"name":"wp","href":"https:\/\/api.w.org\/{rel}","templated":true}]}}