{"id":16,"date":"2022-08-25T16:53:36","date_gmt":"2022-08-25T16:53:36","guid":{"rendered":"https:\/\/i2u.ca\/home\/"},"modified":"2025-02-10T18:35:07","modified_gmt":"2025-02-10T18:35:07","slug":"home","status":"publish","type":"page","link":"https:\/\/i2u.ca\/fr\/","title":{"rendered":"Page d'accueil"},"content":{"rendered":"<div class=\"wp-block-cover alignfull is-light is-cropping is-style-default mb-0 mt-0\" style=\"min-height:372px;aspect-ratio:unset;\"><span aria-hidden=\"true\" class=\"wp-block-cover__background has-secondary-background-color has-background-dim-90 has-background-dim\"><\/span><img fetchpriority=\"high\" decoding=\"async\" width=\"1800\" height=\"800\" class=\"wp-block-cover__image-background wp-image-4\" alt=\"\" src=\"https:\/\/i2u.ca\/wp-content\/uploads\/2022\/08\/image-1.jpg\" style=\"object-position:56% 93%\" data-object-fit=\"cover\" data-object-position=\"56% 93%\" srcset=\"https:\/\/i2u.ca\/wp-content\/uploads\/2022\/08\/image-1.jpg 1800w, https:\/\/i2u.ca\/wp-content\/uploads\/2022\/08\/image-1-300x133.jpg 300w, https:\/\/i2u.ca\/wp-content\/uploads\/2022\/08\/image-1-1024x455.jpg 1024w, https:\/\/i2u.ca\/wp-content\/uploads\/2022\/08\/image-1-768x341.jpg 768w, https:\/\/i2u.ca\/wp-content\/uploads\/2022\/08\/image-1-1536x683.jpg 1536w\" sizes=\"(max-width: 1800px) 100vw, 1800px\" \/><div class=\"wp-block-cover__inner-container is-layout-flow wp-block-cover-is-layout-flow\">\n<h1 class=\"wp-block-heading has-text-align-center\">Acc\u00e9l\u00e9rez le parcours de l'id\u00e9e \u00e0 l'utilisation<\/h1>\n<\/div><\/div>\n\n\n\n<div class=\"wp-block-cover alignfull is-light is-style-default mb-0 mt-0\" style=\"min-height:553px;aspect-ratio:unset;\" id=\"about\"><span aria-hidden=\"true\" class=\"wp-block-cover__background has-quaternary-background-color has-background-dim-100 has-background-dim\"><\/span><div class=\"wp-block-cover__inner-container is-layout-flow wp-block-cover-is-layout-flow\">\n<div class=\"wp-block-group alignfull mb-0 mt-0\" style=\"padding-top:10px;padding-right:10px;padding-bottom:10px;padding-left:10px\"><div class=\"wp-block-group__inner-container is-layout-flow wp-block-group-is-layout-flow\">\n<div class=\"wp-block-columns is-layout-flex wp-container-core-columns-is-layout-9d6595d7 wp-block-columns-is-layout-flex\">\n<div class=\"wp-block-column is-vertically-aligned-top has-primary-color has-text-color is-layout-flow wp-block-column-is-layout-flow\">\n<div style=\"height:0px\" aria-hidden=\"true\" class=\"wp-block-spacer\"><\/div>\n\n\n\n<div class=\"wp-block-group alignfull has-quaternary-color has-tertiary-background-color has-text-color has-background mb-0 mt-0\"><div class=\"wp-block-group__inner-container is-layout-constrained wp-block-group-is-layout-constrained\">\n<div class=\"wp-block-columns is-layout-flex wp-container-core-columns-is-layout-9d6595d7 wp-block-columns-is-layout-flex\">\n<div class=\"wp-block-column is-vertically-aligned-center is-layout-flow wp-block-column-is-layout-flow\">\n<h3 class=\"wp-block-heading has-primary-color has-text-color has-link-color wp-elements-73200278452fea9cb49fa8ab8a3a692c\"><strong>Webinar<\/strong><\/h3>\n\n\n\n<h5 class=\"wp-block-heading my-justify-class has-primary-color has-text-color has-link-color wp-elements-db3f9284b58bced93e14129754321549\">Helping Health Systems Better Prepare for Breakthrough Medicines: Profiling an Innovative New Tool.<\/h5>\n\n\n\n<p><\/p>\n<\/div>\n\n\n\n<div class=\"wp-block-column is-vertically-aligned-center is-layout-flow wp-block-column-is-layout-flow\"><div class=\"wp-block-image is-style-default\">\n<figure class=\"aligncenter size-large mb-0 mt-0\"><img decoding=\"async\" width=\"1024\" height=\"341\" src=\"https:\/\/i2u.ca\/wp-content\/uploads\/2024\/12\/unnamed-6-1024x341.png\" alt=\"\" class=\"wp-image-773\" srcset=\"https:\/\/i2u.ca\/wp-content\/uploads\/2024\/12\/unnamed-6-1024x341.png 1024w, https:\/\/i2u.ca\/wp-content\/uploads\/2024\/12\/unnamed-6-300x100.png 300w, https:\/\/i2u.ca\/wp-content\/uploads\/2024\/12\/unnamed-6-768x256.png 768w, https:\/\/i2u.ca\/wp-content\/uploads\/2024\/12\/unnamed-6-18x6.png 18w, https:\/\/i2u.ca\/wp-content\/uploads\/2024\/12\/unnamed-6.png 1200w\" sizes=\"(max-width: 1024px) 100vw, 1024px\" \/><\/figure>\n<\/div><\/div>\n<\/div>\n\n\n\n<div class=\"wp-block-buttons is-layout-flex wp-block-buttons-is-layout-flex\">\n<div class=\"wp-block-button\"><a class=\"wp-block-button__link wp-element-button\" href=\"https:\/\/www.youtube.com\/watch?v=kAy_08AXbVg\">Watch Replay<\/a><\/div>\n<\/div>\n<\/div><\/div>\n\n\n\n<h2 class=\"wp-block-heading is-style-default\" style=\"font-style:normal;font-weight:700\"><strong>Pourquoi il est si difficile \u2013 et si important  \u2013 de lib\u00e9rer toute la valeur des m\u00e9dicaments r\u00e9volutionnaires.<\/strong><\/h2>\n\n\n\n<div class=\"wp-block-group alignfull is-vertical is-layout-flex wp-container-core-group-is-layout-8cf370e7 wp-block-group-is-layout-flex\">\n<p class=\"is-style-default my-justify-class\">Les d\u00e9couvertes scientifiques se d\u00e9bloquent \u00e0 un rythme plus rapide que jamais auparavant, ce qui entra\u00eene le d\u00e9veloppement de nombreux nouveaux m\u00e9dicaments. Nous sommes sur le point de r\u00e9aliser de multiples perc\u00e9es dans le traitement de maladies aigu\u00ebs et chroniques complexes, allant du cancer, du diab\u00e8te et des maladies cardiaques \u00e0 la polyarthrite rhumato\u00efde, \u00e0 la d\u00e9pression et \u00e0 la d\u00e9mence.<\/p>\n\n\n\n<p><\/p>\n\n\n\n<p class=\"my-justify-class\">Alors que la complexit\u00e9 de ces m\u00e9dicaments augmente - et qu'une vague d'outils de diagnostic r\u00e9volutionnaires ouvre une nouvelle \u00e8re de m\u00e9decine de pr\u00e9cision - il devient de plus en plus difficile de saisir toute la valeur <strong>system<\/strong> syst\u00e9mique des m\u00e9dicaments r\u00e9volutionnaires.&nbsp;<\/p>\n\n\n\n<p><\/p>\n\n\n\n<p class=\"my-justify-class\">Ces nouveaux m\u00e9dicaments offrent une occasion incroyable d'am\u00e9liorer les r\u00e9sultats pour la sant\u00e9 partout au Canada, mais les payeurs et les d\u00e9cideurs s'inqui\u00e8tent de la complexit\u00e9 du d\u00e9ploiement de ces th\u00e9rapies dans des syst\u00e8mes de sant\u00e9 surcharg\u00e9s. Ce probl\u00e8me est aggrav\u00e9 par le fait que de nombreux traitements r\u00e9volutionnaires sont extr\u00eamement co\u00fbteux, ce qui augmente les enjeux pour les dirigeants du syst\u00e8me de sant\u00e9 qui d\u00e9battent \u00e0 la fois de leur remboursement et de leur utilisation.<\/p>\n\n\n\n<p><\/p>\n\n\n\n<p><strong>Ax\u00e9e sur l'acc\u00e9l\u00e9ration du passage de \u00ab l'id\u00e9e \u00e0 l'utilisation \u00bb, I2U est une initiative rendue possible par Novartis Canada, qui s'engage \u00e0 offrir aux leaders du syst\u00e8me de sant\u00e9 les connaissances, le soutien et l'information dont ils ont besoin pour mieux saisir la pleine valeur des futurs m\u00e9dicaments r\u00e9volutionnaires.<\/strong><\/p>\n<\/div>\n\n\n\n<div class=\"wp-block-group alignfull has-quaternary-color has-primary-background-color has-text-color has-background mb-0 mt-0\"><div class=\"wp-block-group__inner-container is-layout-constrained wp-block-group-is-layout-constrained\">\n<div class=\"wp-block-columns is-layout-flex wp-container-core-columns-is-layout-9d6595d7 wp-block-columns-is-layout-flex\">\n<div class=\"wp-block-column is-vertically-aligned-center is-layout-flow wp-block-column-is-layout-flow\">\n<h4 class=\"wp-block-heading alignwide my-justify-class\" style=\"font-style:normal;font-weight:700\"><strong>Comment d\u00e9finissons-nous les m\u00e9dicaments r\u00e9volutionnaires?&nbsp; <br><\/strong><\/h4>\n\n\n\n<h6 class=\"wp-block-heading alignwide my-justify-class\">Ces th\u00e9rapies qui combinent (1) la plus grande am\u00e9lioration par rapport \u00e0 la norme de soins actuelle avec (2) le plus grand impact sur le plus grand nombre de patients.<\/h6>\n<\/div>\n\n\n\n<div class=\"wp-block-column is-vertically-aligned-center is-layout-flow wp-block-column-is-layout-flow\"><div class=\"wp-block-image is-style-default\">\n<figure class=\"aligncenter size-large mb-0 mt-0\"><img decoding=\"async\" width=\"1024\" height=\"931\" src=\"https:\/\/i2u.ca\/wp-content\/uploads\/2023\/06\/i2u-graph-French.png\" alt=\"\" class=\"wp-image-410\" srcset=\"https:\/\/i2u.ca\/wp-content\/uploads\/2023\/06\/i2u-graph-French.png 4950w, https:\/\/i2u.ca\/wp-content\/uploads\/2023\/06\/i2u-graph-French-300x273.png 300w, https:\/\/i2u.ca\/wp-content\/uploads\/2023\/06\/i2u-graph-French-1024x931.png 1024w, https:\/\/i2u.ca\/wp-content\/uploads\/2023\/06\/i2u-graph-French-768x698.png 768w, https:\/\/i2u.ca\/wp-content\/uploads\/2023\/06\/i2u-graph-French-1536x1397.png 1536w, https:\/\/i2u.ca\/wp-content\/uploads\/2023\/06\/i2u-graph-French-2048x1862.png 2048w, https:\/\/i2u.ca\/wp-content\/uploads\/2023\/06\/i2u-graph-French-13x12.png 13w\" sizes=\"(max-width: 1024px) 100vw, 1024px\" \/><\/figure>\n<\/div><\/div>\n<\/div>\n<\/div><\/div>\n<\/div>\n<\/div>\n<\/div><\/div>\n\n\n\n<div class=\"wp-block-group\"><div class=\"wp-block-group__inner-container is-layout-constrained wp-block-group-is-layout-constrained\">\n<div style=\"height:49px\" aria-hidden=\"true\" class=\"wp-block-spacer\"><\/div>\n<\/div><\/div>\n\n\n\n<div class=\"wp-block-buttons is-content-justification-center is-layout-flex wp-container-core-buttons-is-layout-16018d1d wp-block-buttons-is-layout-flex\">\n<div class=\"wp-block-button\"><a class=\"wp-block-button__link has-text-align-center wp-element-button\" href=\"\/fr\/about-us\/\">\u00c0 propos de nous et du conseil consultatif d'I2U<\/a><\/div>\n<\/div>\n<\/div><\/div>\n\n\n\n<p><\/p>","protected":false},"excerpt":{"rendered":"","protected":false},"author":1,"featured_media":0,"parent":0,"menu_order":0,"comment_status":"closed","ping_status":"closed","template":"","meta":{"_coblocks_attr":"","_coblocks_dimensions":"{\"coblocks-features-8715102587\":{\"margin\":{},\"padding\":{}}}","_coblocks_responsive_height":"","_coblocks_accordion_ie_support":"","hide_page_title":"","footnotes":""},"class_list":["post-16","page","type-page","status-publish","hentry"],"yoast_head":"<!-- This site is optimized with the Yoast SEO plugin v27.6 - https:\/\/yoast.com\/product\/yoast-seo-wordpress\/ -->\n<title>Home - I2U<\/title>\n<meta name=\"description\" content=\"I2U is focused on accelerating the path from idea to utilization (I2U), so that Canadian patients and health care systems can better benefit from the transformational treatments, therapies and technologies that emerge from world-class biomedical research.\" \/>\n<meta name=\"robots\" content=\"index, follow, max-snippet:-1, max-image-preview:large, max-video-preview:-1\" \/>\n<link rel=\"canonical\" href=\"https:\/\/i2u.ca\/fr\/\" \/>\n<meta property=\"og:locale\" content=\"fr_CA\" \/>\n<meta property=\"og:type\" content=\"article\" \/>\n<meta property=\"og:title\" content=\"I2U - Accelerating the Journey from Idea to Utilization\" \/>\n<meta property=\"og:description\" content=\"I2U is focused on accelerating the path from idea to utilization (I2U), so that Canadian patients and health care systems can better benefit from the transformational treatments, therapies and technologies that emerge from world-class biomedical research.\" \/>\n<meta property=\"og:url\" content=\"https:\/\/i2u.ca\/fr\/\" \/>\n<meta property=\"og:site_name\" content=\"I2U\" \/>\n<meta property=\"article:modified_time\" content=\"2025-02-10T18:35:07+00:00\" \/>\n<meta property=\"og:image\" content=\"https:\/\/i2u.ca\/wp-content\/uploads\/2022\/09\/i2u.png\" \/>\n\t<meta property=\"og:image:width\" content=\"5000\" \/>\n\t<meta property=\"og:image:height\" content=\"2350\" \/>\n\t<meta property=\"og:image:type\" content=\"image\/png\" \/>\n<meta name=\"twitter:card\" content=\"summary_large_image\" \/>\n<meta name=\"twitter:title\" content=\"I2U - Accelerating the Journey from Idea to Utilization\" \/>\n<meta name=\"twitter:description\" content=\"I2U is focused on accelerating the path from idea to utilization (I2U), so that Canadian patients and health care systems can better benefit from the transformational treatments, therapies and technologies that emerge from world-class biomedical research.\" \/>\n<meta name=\"twitter:image\" content=\"https:\/\/i2u.ca\/wp-content\/uploads\/2022\/09\/Untitled-2.png\" \/>\n<meta name=\"twitter:label1\" content=\"Estimation du temps de lecture\" \/>\n\t<meta name=\"twitter:data1\" content=\"2 minutes\" \/>\n<script type=\"application\/ld+json\" class=\"yoast-schema-graph\">{\"@context\":\"https:\\\/\\\/schema.org\",\"@graph\":[{\"@type\":\"WebPage\",\"@id\":\"https:\\\/\\\/i2u.ca\\\/\",\"url\":\"https:\\\/\\\/i2u.ca\\\/\",\"name\":\"Home - I2U\",\"isPartOf\":{\"@id\":\"https:\\\/\\\/i2u.ca\\\/#website\"},\"primaryImageOfPage\":{\"@id\":\"https:\\\/\\\/i2u.ca\\\/#primaryimage\"},\"image\":{\"@id\":\"https:\\\/\\\/i2u.ca\\\/#primaryimage\"},\"thumbnailUrl\":\"https:\\\/\\\/i2u.ca\\\/wp-content\\\/uploads\\\/2022\\\/08\\\/image-1.jpg\",\"datePublished\":\"2022-08-25T16:53:36+00:00\",\"dateModified\":\"2025-02-10T18:35:07+00:00\",\"description\":\"I2U is focused on accelerating the path from idea to utilization (I2U), so that Canadian patients and health care systems can better benefit from the transformational treatments, therapies and technologies that emerge from world-class biomedical research.\",\"breadcrumb\":{\"@id\":\"https:\\\/\\\/i2u.ca\\\/#breadcrumb\"},\"inLanguage\":\"fr-CA\",\"potentialAction\":[{\"@type\":\"ReadAction\",\"target\":[\"https:\\\/\\\/i2u.ca\\\/\"]}]},{\"@type\":\"ImageObject\",\"inLanguage\":\"fr-CA\",\"@id\":\"https:\\\/\\\/i2u.ca\\\/#primaryimage\",\"url\":\"https:\\\/\\\/i2u.ca\\\/wp-content\\\/uploads\\\/2022\\\/08\\\/image-1.jpg\",\"contentUrl\":\"https:\\\/\\\/i2u.ca\\\/wp-content\\\/uploads\\\/2022\\\/08\\\/image-1.jpg\"},{\"@type\":\"BreadcrumbList\",\"@id\":\"https:\\\/\\\/i2u.ca\\\/#breadcrumb\",\"itemListElement\":[{\"@type\":\"ListItem\",\"position\":1,\"name\":\"Home\",\"item\":\"https:\\\/\\\/i2u.ca\\\/\"},{\"@type\":\"ListItem\",\"position\":2,\"name\":\"Home\"}]},{\"@type\":\"WebSite\",\"@id\":\"https:\\\/\\\/i2u.ca\\\/#website\",\"url\":\"https:\\\/\\\/i2u.ca\\\/\",\"name\":\"I2U\",\"description\":\"Accelerating the Journey from Idea to Utilization\",\"publisher\":{\"@id\":\"https:\\\/\\\/i2u.ca\\\/#organization\"},\"potentialAction\":[{\"@type\":\"SearchAction\",\"target\":{\"@type\":\"EntryPoint\",\"urlTemplate\":\"https:\\\/\\\/i2u.ca\\\/?s={search_term_string}\"},\"query-input\":{\"@type\":\"PropertyValueSpecification\",\"valueRequired\":true,\"valueName\":\"search_term_string\"}}],\"inLanguage\":\"fr-CA\"},{\"@type\":\"Organization\",\"@id\":\"https:\\\/\\\/i2u.ca\\\/#organization\",\"name\":\"I2U\",\"url\":\"https:\\\/\\\/i2u.ca\\\/\",\"logo\":{\"@type\":\"ImageObject\",\"inLanguage\":\"fr-CA\",\"@id\":\"https:\\\/\\\/i2u.ca\\\/#\\\/schema\\\/logo\\\/image\\\/\",\"url\":\"https:\\\/\\\/i2u.ca\\\/wp-content\\\/uploads\\\/2022\\\/08\\\/I2U-Main-Logo.png\",\"contentUrl\":\"https:\\\/\\\/i2u.ca\\\/wp-content\\\/uploads\\\/2022\\\/08\\\/I2U-Main-Logo.png\",\"width\":413,\"height\":275,\"caption\":\"I2U\"},\"image\":{\"@id\":\"https:\\\/\\\/i2u.ca\\\/#\\\/schema\\\/logo\\\/image\\\/\"}}]}<\/script>\n<!-- \/ Yoast SEO plugin. -->","yoast_head_json":{"title":"Home - I2U","description":"I2U is focused on accelerating the path from idea to utilization (I2U), so that Canadian patients and health care systems can better benefit from the transformational treatments, therapies and technologies that emerge from world-class biomedical research.","robots":{"index":"index","follow":"follow","max-snippet":"max-snippet:-1","max-image-preview":"max-image-preview:large","max-video-preview":"max-video-preview:-1"},"canonical":"https:\/\/i2u.ca\/fr\/","og_locale":"fr_CA","og_type":"article","og_title":"I2U - Accelerating the Journey from Idea to Utilization","og_description":"I2U is focused on accelerating the path from idea to utilization (I2U), so that Canadian patients and health care systems can better benefit from the transformational treatments, therapies and technologies that emerge from world-class biomedical research.","og_url":"https:\/\/i2u.ca\/fr\/","og_site_name":"I2U","article_modified_time":"2025-02-10T18:35:07+00:00","og_image":[{"width":5000,"height":2350,"url":"https:\/\/i2u.ca\/wp-content\/uploads\/2022\/09\/i2u.png","type":"image\/png"}],"twitter_card":"summary_large_image","twitter_title":"I2U - Accelerating the Journey from Idea to Utilization","twitter_description":"I2U is focused on accelerating the path from idea to utilization (I2U), so that Canadian patients and health care systems can better benefit from the transformational treatments, therapies and technologies that emerge from world-class biomedical research.","twitter_image":"https:\/\/i2u.ca\/wp-content\/uploads\/2022\/09\/Untitled-2.png","twitter_misc":{"Estimation du temps de lecture":"2 minutes"},"schema":{"@context":"https:\/\/schema.org","@graph":[{"@type":"WebPage","@id":"https:\/\/i2u.ca\/","url":"https:\/\/i2u.ca\/","name":"Home - I2U","isPartOf":{"@id":"https:\/\/i2u.ca\/#website"},"primaryImageOfPage":{"@id":"https:\/\/i2u.ca\/#primaryimage"},"image":{"@id":"https:\/\/i2u.ca\/#primaryimage"},"thumbnailUrl":"https:\/\/i2u.ca\/wp-content\/uploads\/2022\/08\/image-1.jpg","datePublished":"2022-08-25T16:53:36+00:00","dateModified":"2025-02-10T18:35:07+00:00","description":"I2U is focused on accelerating the path from idea to utilization (I2U), so that Canadian patients and health care systems can better benefit from the transformational treatments, therapies and technologies that emerge from world-class biomedical research.","breadcrumb":{"@id":"https:\/\/i2u.ca\/#breadcrumb"},"inLanguage":"fr-CA","potentialAction":[{"@type":"ReadAction","target":["https:\/\/i2u.ca\/"]}]},{"@type":"ImageObject","inLanguage":"fr-CA","@id":"https:\/\/i2u.ca\/#primaryimage","url":"https:\/\/i2u.ca\/wp-content\/uploads\/2022\/08\/image-1.jpg","contentUrl":"https:\/\/i2u.ca\/wp-content\/uploads\/2022\/08\/image-1.jpg"},{"@type":"BreadcrumbList","@id":"https:\/\/i2u.ca\/#breadcrumb","itemListElement":[{"@type":"ListItem","position":1,"name":"Home","item":"https:\/\/i2u.ca\/"},{"@type":"ListItem","position":2,"name":"Home"}]},{"@type":"WebSite","@id":"https:\/\/i2u.ca\/#website","url":"https:\/\/i2u.ca\/","name":"I2U","description":"Acc\u00e9l\u00e9rez le parcours de l'id\u00e9e \u00e0 l'utilisation","publisher":{"@id":"https:\/\/i2u.ca\/#organization"},"potentialAction":[{"@type":"SearchAction","target":{"@type":"EntryPoint","urlTemplate":"https:\/\/i2u.ca\/?s={search_term_string}"},"query-input":{"@type":"PropertyValueSpecification","valueRequired":true,"valueName":"search_term_string"}}],"inLanguage":"fr-CA"},{"@type":"Organization","@id":"https:\/\/i2u.ca\/#organization","name":"I2U","url":"https:\/\/i2u.ca\/","logo":{"@type":"ImageObject","inLanguage":"fr-CA","@id":"https:\/\/i2u.ca\/#\/schema\/logo\/image\/","url":"https:\/\/i2u.ca\/wp-content\/uploads\/2022\/08\/I2U-Main-Logo.png","contentUrl":"https:\/\/i2u.ca\/wp-content\/uploads\/2022\/08\/I2U-Main-Logo.png","width":413,"height":275,"caption":"I2U"},"image":{"@id":"https:\/\/i2u.ca\/#\/schema\/logo\/image\/"}}]}},"_links":{"self":[{"href":"https:\/\/i2u.ca\/fr\/wp-json\/wp\/v2\/pages\/16","targetHints":{"allow":["GET"]}}],"collection":[{"href":"https:\/\/i2u.ca\/fr\/wp-json\/wp\/v2\/pages"}],"about":[{"href":"https:\/\/i2u.ca\/fr\/wp-json\/wp\/v2\/types\/page"}],"author":[{"embeddable":true,"href":"https:\/\/i2u.ca\/fr\/wp-json\/wp\/v2\/users\/1"}],"replies":[{"embeddable":true,"href":"https:\/\/i2u.ca\/fr\/wp-json\/wp\/v2\/comments?post=16"}],"version-history":[{"count":40,"href":"https:\/\/i2u.ca\/fr\/wp-json\/wp\/v2\/pages\/16\/revisions"}],"predecessor-version":[{"id":799,"href":"https:\/\/i2u.ca\/fr\/wp-json\/wp\/v2\/pages\/16\/revisions\/799"}],"wp:attachment":[{"href":"https:\/\/i2u.ca\/fr\/wp-json\/wp\/v2\/media?parent=16"}],"curies":[{"name":"wp","href":"https:\/\/api.w.org\/{rel}","templated":true}]}}