{"id":338,"date":"2023-05-25T21:13:30","date_gmt":"2023-05-25T21:13:30","guid":{"rendered":"https:\/\/i2u.ca\/?page_id=338"},"modified":"2025-02-10T18:32:50","modified_gmt":"2025-02-10T18:32:50","slug":"our-insights","status":"publish","type":"page","link":"https:\/\/i2u.ca\/fr\/our-insights\/","title":{"rendered":"Nos id\u00e9es"},"content":{"rendered":"<div data-elementor-type=\"wp-page\" data-elementor-id=\"338\" class=\"elementor elementor-338\" data-elementor-post-type=\"page\">\n\t\t\t\t\t\t<section class=\"elementor-section elementor-top-section elementor-element elementor-element-6bd03029 elementor-section-boxed elementor-section-height-default elementor-section-height-default\" data-id=\"6bd03029\" data-element_type=\"section\" data-e-type=\"section\">\n\t\t\t\t\t\t<div class=\"elementor-container elementor-column-gap-default\">\n\t\t\t\t\t<div class=\"elementor-column elementor-col-100 elementor-top-column elementor-element elementor-element-109f97cb\" data-id=\"109f97cb\" data-element_type=\"column\" data-e-type=\"column\">\n\t\t\t<div class=\"elementor-widget-wrap elementor-element-populated\">\n\t\t\t\t\t\t<div class=\"elementor-element elementor-element-669a594d elementor-widget elementor-widget-text-editor\" data-id=\"669a594d\" data-element_type=\"widget\" data-e-type=\"widget\" data-widget_type=\"text-editor.default\">\n\t\t\t\t<div class=\"elementor-widget-container\">\n\t\t\t\t\t\t\t\t\t\n<div class=\"wp-block-group alignwide has-secondary-background-color has-background mt-0 is-vertical is-content-justification-center is-layout-flex wp-container-core-group-is-layout-4b2eccd6 wp-block-group-is-layout-flex\">\n<h3 class=\"wp-block-heading alignfull has-text-align-center\" style=\"font-style: normal; font-weight: bold; text-transform: capitalize;\"><strong><strong>Nos id\u00e9es<\/strong><\/strong><\/h3>\n<\/div>\n\n<h6 class=\"wp-block-heading alignwide\">I2U has created several case studies to identity and illuminate the discrete challenges preventing the value maximization of breakthrough medicines, and lessons learned for future innovations. To uncover these challenges, I2U conducted interviews with a wide range of system leaders and stakeholders, supported by extensive background research on implementation challenges and approaches across Canada and in a focused group of comparator jurisdictions.<\/h6>\n\n<div class=\"wp-block-group alignfull\"><div class=\"wp-block-group__inner-container is-layout-constrained wp-block-group-is-layout-constrained\">\n<div class=\"wp-block-coblocks-features alignfull coblocks-features-42619358527 mb-0 mt-0\">\n<div class=\"wp-block-coblocks-features__inner has-columns has-4-columns has-responsive-columns has-center-content has-medium-gutter\">\n<div class=\"wp-block-coblocks-feature has-center-content coblocks-feature-426193643732\">\n<div class=\"wp-block-coblocks-feature__inner has-tertiary-background-color has-background has-padding has-medium-padding\">\n<figure class=\"wp-block-image size-full\"><img decoding=\"async\" width=\"64\" height=\"64\" class=\"wp-image-385\" src=\"https:\/\/i2u.ca\/wp-content\/uploads\/2023\/05\/virus.png\" alt=\"\" srcset=\"https:\/\/i2u.ca\/wp-content\/uploads\/2023\/05\/virus.png 64w, https:\/\/i2u.ca\/wp-content\/uploads\/2023\/05\/virus-12x12.png 12w\" sizes=\"(max-width: 64px) 100vw, 64px\" \/><\/figure>\n\n<h4 class=\"wp-block-heading\" style=\"font-style: normal; font-weight: bold;\"><strong>Th\u00e9rapies CAR-T<\/strong><\/h4>\n\n<p>Une \u00e9tude de cas r\u00e9trospective sur une nouvelle immunoth\u00e9rapie<\/p>\n\n<p>\u00a0<\/p>\n\n<p><strong><a href=\"https:\/\/i2u.ca\/wp-content\/uploads\/2023\/06\/I2U-CAR-T-Recepteur-antigenique-chimerique-T-Une-immunotherapie-de-nouvelle-generation.pdf\" target=\"_blank\" rel=\"noreferrer noopener\">Lire la suite<\/a><\/strong><\/p>\n<\/div>\n<\/div>\n\n<div class=\"wp-block-coblocks-feature has-center-content coblocks-feature-426193643732\">\n<div class=\"wp-block-coblocks-feature__inner has-secondary-background-color has-background has-padding has-medium-padding\">\n<figure class=\"wp-block-image size-full\"><img decoding=\"async\" width=\"64\" height=\"64\" class=\"wp-image-386\" src=\"https:\/\/i2u.ca\/wp-content\/uploads\/2023\/05\/dna-1.png\" alt=\"\" srcset=\"https:\/\/i2u.ca\/wp-content\/uploads\/2023\/05\/dna-1.png 64w, https:\/\/i2u.ca\/wp-content\/uploads\/2023\/05\/dna-1-12x12.png 12w\" sizes=\"(max-width: 64px) 100vw, 64px\" \/><\/figure>\n\n<h4 class=\"wp-block-heading\" style=\"font-style: normal; font-weight: bold;\"><strong>LUXTURNA<\/strong><\/h4>\n\n<p>Une \u00e9tude de cas r\u00e9trospective sur une th\u00e9rapie g\u00e9nique sp\u00e9cialis\u00e9e<\/p>\n\n<p>\u00a0<\/p>\n\n<p><strong><a href=\"https:\/\/i2u.ca\/wp-content\/uploads\/2023\/06\/I2U-CAR-T-Recepteur-antigenique-chimerique-T-Une-immunotherapie-de-nouvelle-generation.pdf\" target=\"_blank\" rel=\"noreferrer noopener\">Lire la suite<\/a><\/strong><\/p>\n<\/div>\n<\/div>\n\n<div class=\"wp-block-coblocks-feature has-center-content coblocks-feature-426193643732\">\n<div class=\"wp-block-coblocks-feature__inner has-background has-padding has-medium-padding\" style=\"background-color: #b5b973;\">\n<figure class=\"wp-block-image size-full\"><img decoding=\"async\" width=\"64\" height=\"64\" class=\"wp-image-387\" src=\"https:\/\/i2u.ca\/wp-content\/uploads\/2023\/05\/brain.png\" alt=\"\" srcset=\"https:\/\/i2u.ca\/wp-content\/uploads\/2023\/05\/brain.png 64w, https:\/\/i2u.ca\/wp-content\/uploads\/2023\/05\/brain-12x12.png 12w\" sizes=\"(max-width: 64px) 100vw, 64px\" \/><\/figure>\n\n<h4 class=\"wp-block-heading\" style=\"font-style: normal; font-weight: bold;\"><strong>LEQEMBI<\/strong><\/h4>\n\n<p>Une \u00e9tude de cas prospective sur un nouveau m\u00e9dicament contre la maladie d'Alzheimer<\/p>\n\n<div class=\"wp-block-spacer\" style=\"height: 37px;\" aria-hidden=\"true\">\u00a0<\/div>\n\n<p><strong><a href=\"https:\/\/i2u.ca\/wp-content\/uploads\/2023\/06\/I2U-CAR-T-Recepteur-antigenique-chimerique-T-Une-immunotherapie-de-nouvelle-generation.pdf\" target=\"_blank\" rel=\"noreferrer noopener\">Lire la suite<\/a><\/strong><\/p>\n<\/div>\n<\/div>\n\n<div class=\"wp-block-coblocks-feature has-center-content coblocks-feature-426193643732\">\n<div class=\"wp-block-coblocks-feature__inner has-background has-padding has-medium-padding\" style=\"background-color: #cb5442;\">\n<figure class=\"wp-block-image size-full\"><img decoding=\"async\" class=\"wp-image-461\" src=\"https:\/\/i2u.ca\/wp-content\/uploads\/2023\/07\/blood-pressure-1.png\" alt=\"\" \/><\/figure>\n\n<h4 class=\"wp-block-heading\" style=\"font-style: normal; font-weight: bold;\"><strong>CRISPR<\/strong><\/h4>\n\n<p>A snapshot case study on CRISPR\/Cas9 Technology for Blood Disorders<\/p>\n\n<p>\u00a0<\/p>\n\n<p><strong><a href=\"https:\/\/i2u.ca\/wp-content\/uploads\/2023\/07\/I2U-CRISPRCas9-Technology-for-Blood-Disorders.pdf\" target=\"_blank\" rel=\"noreferrer noopener\">Lire la suite<\/a><\/strong><\/p>\n<\/div>\n<\/div>\n<\/div>\n<\/div>\n<\/div><\/div>\n\n<div class=\"wp-block-spacer\" style=\"height: 28px;\" aria-hidden=\"true\">\u00a0<\/div>\n\n<h6 class=\"wp-block-heading alignwide\">Looking across these case studies, I2U identified 7 distinct implementation challenges each with the potential to diminish the optimal patient and system impact of a given breakthrough medicine:<\/h6>\n\n<figure class=\"wp-block-image alignwide size-large is-style-default mt-0\"><img loading=\"lazy\" decoding=\"async\" width=\"1024\" height=\"718\" class=\"wp-image-405\" src=\"https:\/\/i2u.ca\/wp-content\/uploads\/2023\/06\/I2U-Graphic-FRENCH.png\" alt=\"\" srcset=\"https:\/\/i2u.ca\/wp-content\/uploads\/2023\/06\/I2U-Graphic-FRENCH.png 7313w, https:\/\/i2u.ca\/wp-content\/uploads\/2023\/06\/I2U-Graphic-FRENCH-300x210.png 300w, https:\/\/i2u.ca\/wp-content\/uploads\/2023\/06\/I2U-Graphic-FRENCH-1024x718.png 1024w, https:\/\/i2u.ca\/wp-content\/uploads\/2023\/06\/I2U-Graphic-FRENCH-768x538.png 768w, https:\/\/i2u.ca\/wp-content\/uploads\/2023\/06\/I2U-Graphic-FRENCH-1536x1077.png 1536w, https:\/\/i2u.ca\/wp-content\/uploads\/2023\/06\/I2U-Graphic-FRENCH-2048x1436.png 2048w, https:\/\/i2u.ca\/wp-content\/uploads\/2023\/06\/I2U-Graphic-FRENCH-18x12.png 18w\" sizes=\"(max-width: 1024px) 100vw, 1024px\" \/><\/figure>\n\n<div class=\"wp-block-group alignwide has-secondary-background-color has-background is-vertical is-content-justification-center is-layout-flex wp-container-core-group-is-layout-4b2eccd6 wp-block-group-is-layout-flex\">\n<h2 class=\"wp-block-heading alignwide has-text-align-center\">Recent Webinars<\/h2>\n\n<div class=\"wp-block-spacer wp-container-content-1b8dd66d\" style=\"height: 0px;\" aria-hidden=\"true\">\u00a0<\/div>\n\n<p>January 17, 2025<\/p>\n<p><\/p>\n<h5 class=\"wp-block-heading\"><strong><a href=\"https:\/\/www.youtube.com\/watch?v=kAy_08AXbVg\" target=\"_blank\" rel=\"noreferrer noopener\">Helping Health Systems Better Prepare for Breakthrough Medicines: Profiling an Innovative New Tool<\/a><\/strong><\/h5>\n<p><\/p>\n<figure class=\"wp-block-embed is-type-video is-provider-youtube wp-block-embed-youtube\">\n<div class=\"wp-block-embed__wrapper\">https:\/\/www.youtube.com\/watch?v=kAy_08AXbVg<\/div>\n<\/figure>\n<p><\/p>\n<div class=\"wp-block-buttons is-content-justification-center is-layout-flex wp-container-core-buttons-is-layout-16018d1d wp-block-buttons-is-layout-flex\">\n<div class=\"wp-block-button\"><a class=\"wp-block-button__link has-text-align-center wp-element-button\" href=\"https:\/\/i2u.ca\/wp-content\/uploads\/2025\/02\/I2U-System-Readiness-Tool-Patient-Group_vJan16.pdf\" target=\"_blank\" rel=\"noreferrer noopener\">Download Slides<\/a><\/div>\n<div>\u00a0<\/div>\n<\/div>\n<p>June 1, 2023<\/p>\n\n<h5 class=\"wp-block-heading\"><strong><a href=\"https:\/\/www.youtube.com\/watch?v=qd_64OqEOpI\" target=\"_blank\" rel=\"noreferrer noopener\">Maximizing the Uptake of Breakthrough Medicines Across Canada: Lessons from CAR-T<\/a><\/strong><\/h5>\n\n<figure class=\"wp-block-embed is-type-video is-provider-youtube wp-block-embed-youtube\">\n<div class=\"wp-block-embed__wrapper\">https:\/\/www.youtube.com\/watch?v=qd_64OqEOpI<\/div>\n<\/figure>\n\n<div class=\"wp-block-buttons is-content-justification-center is-layout-flex wp-container-core-buttons-is-layout-16018d1d wp-block-buttons-is-layout-flex\">\n<div class=\"wp-block-button\"><a class=\"wp-block-button__link has-text-align-center wp-element-button\" href=\"https:\/\/i2u.ca\/wp-content\/uploads\/2023\/06\/Santis_I2U_Webinar_Deck_June_1_2023.pdf\" target=\"_blank\" rel=\"noreferrer noopener\">Download Slides<\/a><\/div>\n<\/div>\n<\/div>\n\t\t\t\t\t\t\t\t<\/div>\n\t\t\t\t<\/div>\n\t\t\t\t\t<\/div>\n\t\t<\/div>\n\t\t\t\t\t<\/div>\n\t\t<\/section>\n\t\t\t\t<\/div>","protected":false},"excerpt":{"rendered":"<p>Our Insights I2U has created several case studies to identity and illuminate the discrete challenges preventing the value maximization of breakthrough medicines, and lessons learned for future innovations. To uncover these challenges, I2U conducted interviews with a wide range of system leaders and stakeholders, supported by extensive background research on implementation challenges and approaches across [&hellip;]<\/p>\n","protected":false},"author":2,"featured_media":0,"parent":0,"menu_order":0,"comment_status":"closed","ping_status":"closed","template":"","meta":{"_coblocks_attr":"","_coblocks_dimensions":"{\"coblocks-feature-42619358643\":{\"padding\":{}},\"coblocks-feature-426193643732\":{\"padding\":{\"paddingBottom\":\"px\",\"paddingBottomMobile\":null,\"paddingBottomTablet\":null,\"paddingLeft\":\"0px\",\"paddingLeftMobile\":null,\"paddingLeftTablet\":null,\"paddingRight\":\"0px\",\"paddingRightMobile\":null,\"paddingRightTablet\":null,\"paddingTop\":\"px\",\"paddingTopMobile\":null,\"paddingTopTablet\":null}},\"coblocks-features-42619358527\":{\"padding\":{\"paddingBottom\":\"px\",\"paddingBottomMobile\":null,\"paddingBottomTablet\":null,\"paddingLeft\":\"0px\",\"paddingLeftMobile\":null,\"paddingLeftTablet\":null,\"paddingRight\":\"0px\",\"paddingRightMobile\":null,\"paddingRightTablet\":null,\"paddingTop\":\"px\",\"paddingTopMobile\":null,\"paddingTopTablet\":null}}}","_coblocks_responsive_height":"","_coblocks_accordion_ie_support":"","hide_page_title":"","footnotes":""},"class_list":["post-338","page","type-page","status-publish","hentry"],"yoast_head":"<!-- This site is optimized with the Yoast SEO plugin v27.6 - https:\/\/yoast.com\/product\/yoast-seo-wordpress\/ -->\n<title>Our Insights - I2U<\/title>\n<meta name=\"robots\" content=\"index, follow, max-snippet:-1, max-image-preview:large, max-video-preview:-1\" \/>\n<link rel=\"canonical\" href=\"https:\/\/i2u.ca\/fr\/our-insights\/\" \/>\n<meta property=\"og:locale\" content=\"fr_CA\" \/>\n<meta property=\"og:type\" content=\"article\" \/>\n<meta property=\"og:title\" content=\"Our Insights - I2U\" \/>\n<meta property=\"og:description\" content=\"Our Insights I2U has created several case studies to identity and illuminate the discrete challenges preventing the value maximization of breakthrough medicines, and lessons learned for future innovations. To uncover these challenges, I2U conducted interviews with a wide range of system leaders and stakeholders, supported by extensive background research on implementation challenges and approaches across [&hellip;]\" \/>\n<meta property=\"og:url\" content=\"https:\/\/i2u.ca\/fr\/our-insights\/\" \/>\n<meta property=\"og:site_name\" content=\"I2U\" \/>\n<meta property=\"article:modified_time\" content=\"2025-02-10T18:32:50+00:00\" \/>\n<meta property=\"og:image\" content=\"https:\/\/i2u.ca\/wp-content\/uploads\/2023\/05\/virus.png\" \/>\n\t<meta property=\"og:image:width\" content=\"64\" \/>\n\t<meta property=\"og:image:height\" content=\"64\" \/>\n\t<meta property=\"og:image:type\" content=\"image\/png\" \/>\n<meta name=\"twitter:card\" content=\"summary_large_image\" \/>\n<meta name=\"twitter:label1\" content=\"Estimation du temps de lecture\" \/>\n\t<meta name=\"twitter:data1\" content=\"2 minutes\" \/>\n<script type=\"application\/ld+json\" class=\"yoast-schema-graph\">{\"@context\":\"https:\\\/\\\/schema.org\",\"@graph\":[{\"@type\":\"WebPage\",\"@id\":\"https:\\\/\\\/i2u.ca\\\/our-insights\\\/\",\"url\":\"https:\\\/\\\/i2u.ca\\\/our-insights\\\/\",\"name\":\"Our Insights - I2U\",\"isPartOf\":{\"@id\":\"https:\\\/\\\/i2u.ca\\\/#website\"},\"primaryImageOfPage\":{\"@id\":\"https:\\\/\\\/i2u.ca\\\/our-insights\\\/#primaryimage\"},\"image\":{\"@id\":\"https:\\\/\\\/i2u.ca\\\/our-insights\\\/#primaryimage\"},\"thumbnailUrl\":\"https:\\\/\\\/i2u.ca\\\/wp-content\\\/uploads\\\/2023\\\/05\\\/virus.png\",\"datePublished\":\"2023-05-25T21:13:30+00:00\",\"dateModified\":\"2025-02-10T18:32:50+00:00\",\"breadcrumb\":{\"@id\":\"https:\\\/\\\/i2u.ca\\\/our-insights\\\/#breadcrumb\"},\"inLanguage\":\"fr-CA\",\"potentialAction\":[{\"@type\":\"ReadAction\",\"target\":[\"https:\\\/\\\/i2u.ca\\\/our-insights\\\/\"]}]},{\"@type\":\"ImageObject\",\"inLanguage\":\"fr-CA\",\"@id\":\"https:\\\/\\\/i2u.ca\\\/our-insights\\\/#primaryimage\",\"url\":\"https:\\\/\\\/i2u.ca\\\/wp-content\\\/uploads\\\/2023\\\/05\\\/virus.png\",\"contentUrl\":\"https:\\\/\\\/i2u.ca\\\/wp-content\\\/uploads\\\/2023\\\/05\\\/virus.png\"},{\"@type\":\"BreadcrumbList\",\"@id\":\"https:\\\/\\\/i2u.ca\\\/our-insights\\\/#breadcrumb\",\"itemListElement\":[{\"@type\":\"ListItem\",\"position\":1,\"name\":\"Home\",\"item\":\"https:\\\/\\\/i2u.ca\\\/\"},{\"@type\":\"ListItem\",\"position\":2,\"name\":\"Our Insights\"}]},{\"@type\":\"WebSite\",\"@id\":\"https:\\\/\\\/i2u.ca\\\/#website\",\"url\":\"https:\\\/\\\/i2u.ca\\\/\",\"name\":\"I2U\",\"description\":\"Accelerating the Journey from Idea to Utilization\",\"publisher\":{\"@id\":\"https:\\\/\\\/i2u.ca\\\/#organization\"},\"potentialAction\":[{\"@type\":\"SearchAction\",\"target\":{\"@type\":\"EntryPoint\",\"urlTemplate\":\"https:\\\/\\\/i2u.ca\\\/?s={search_term_string}\"},\"query-input\":{\"@type\":\"PropertyValueSpecification\",\"valueRequired\":true,\"valueName\":\"search_term_string\"}}],\"inLanguage\":\"fr-CA\"},{\"@type\":\"Organization\",\"@id\":\"https:\\\/\\\/i2u.ca\\\/#organization\",\"name\":\"I2U\",\"url\":\"https:\\\/\\\/i2u.ca\\\/\",\"logo\":{\"@type\":\"ImageObject\",\"inLanguage\":\"fr-CA\",\"@id\":\"https:\\\/\\\/i2u.ca\\\/#\\\/schema\\\/logo\\\/image\\\/\",\"url\":\"https:\\\/\\\/i2u.ca\\\/wp-content\\\/uploads\\\/2022\\\/08\\\/I2U-Main-Logo.png\",\"contentUrl\":\"https:\\\/\\\/i2u.ca\\\/wp-content\\\/uploads\\\/2022\\\/08\\\/I2U-Main-Logo.png\",\"width\":413,\"height\":275,\"caption\":\"I2U\"},\"image\":{\"@id\":\"https:\\\/\\\/i2u.ca\\\/#\\\/schema\\\/logo\\\/image\\\/\"}}]}<\/script>\n<!-- \/ Yoast SEO plugin. -->","yoast_head_json":{"title":"Our Insights - I2U","robots":{"index":"index","follow":"follow","max-snippet":"max-snippet:-1","max-image-preview":"max-image-preview:large","max-video-preview":"max-video-preview:-1"},"canonical":"https:\/\/i2u.ca\/fr\/our-insights\/","og_locale":"fr_CA","og_type":"article","og_title":"Our Insights - I2U","og_description":"Our Insights I2U has created several case studies to identity and illuminate the discrete challenges preventing the value maximization of breakthrough medicines, and lessons learned for future innovations. To uncover these challenges, I2U conducted interviews with a wide range of system leaders and stakeholders, supported by extensive background research on implementation challenges and approaches across [&hellip;]","og_url":"https:\/\/i2u.ca\/fr\/our-insights\/","og_site_name":"I2U","article_modified_time":"2025-02-10T18:32:50+00:00","og_image":[{"width":64,"height":64,"url":"https:\/\/i2u.ca\/wp-content\/uploads\/2023\/05\/virus.png","type":"image\/png"}],"twitter_card":"summary_large_image","twitter_misc":{"Estimation du temps de lecture":"2 minutes"},"schema":{"@context":"https:\/\/schema.org","@graph":[{"@type":"WebPage","@id":"https:\/\/i2u.ca\/our-insights\/","url":"https:\/\/i2u.ca\/our-insights\/","name":"Our Insights - I2U","isPartOf":{"@id":"https:\/\/i2u.ca\/#website"},"primaryImageOfPage":{"@id":"https:\/\/i2u.ca\/our-insights\/#primaryimage"},"image":{"@id":"https:\/\/i2u.ca\/our-insights\/#primaryimage"},"thumbnailUrl":"https:\/\/i2u.ca\/wp-content\/uploads\/2023\/05\/virus.png","datePublished":"2023-05-25T21:13:30+00:00","dateModified":"2025-02-10T18:32:50+00:00","breadcrumb":{"@id":"https:\/\/i2u.ca\/our-insights\/#breadcrumb"},"inLanguage":"fr-CA","potentialAction":[{"@type":"ReadAction","target":["https:\/\/i2u.ca\/our-insights\/"]}]},{"@type":"ImageObject","inLanguage":"fr-CA","@id":"https:\/\/i2u.ca\/our-insights\/#primaryimage","url":"https:\/\/i2u.ca\/wp-content\/uploads\/2023\/05\/virus.png","contentUrl":"https:\/\/i2u.ca\/wp-content\/uploads\/2023\/05\/virus.png"},{"@type":"BreadcrumbList","@id":"https:\/\/i2u.ca\/our-insights\/#breadcrumb","itemListElement":[{"@type":"ListItem","position":1,"name":"Home","item":"https:\/\/i2u.ca\/"},{"@type":"ListItem","position":2,"name":"Our Insights"}]},{"@type":"WebSite","@id":"https:\/\/i2u.ca\/#website","url":"https:\/\/i2u.ca\/","name":"I2U","description":"Acc\u00e9l\u00e9rez le parcours de l'id\u00e9e \u00e0 l'utilisation","publisher":{"@id":"https:\/\/i2u.ca\/#organization"},"potentialAction":[{"@type":"SearchAction","target":{"@type":"EntryPoint","urlTemplate":"https:\/\/i2u.ca\/?s={search_term_string}"},"query-input":{"@type":"PropertyValueSpecification","valueRequired":true,"valueName":"search_term_string"}}],"inLanguage":"fr-CA"},{"@type":"Organization","@id":"https:\/\/i2u.ca\/#organization","name":"I2U","url":"https:\/\/i2u.ca\/","logo":{"@type":"ImageObject","inLanguage":"fr-CA","@id":"https:\/\/i2u.ca\/#\/schema\/logo\/image\/","url":"https:\/\/i2u.ca\/wp-content\/uploads\/2022\/08\/I2U-Main-Logo.png","contentUrl":"https:\/\/i2u.ca\/wp-content\/uploads\/2022\/08\/I2U-Main-Logo.png","width":413,"height":275,"caption":"I2U"},"image":{"@id":"https:\/\/i2u.ca\/#\/schema\/logo\/image\/"}}]}},"_links":{"self":[{"href":"https:\/\/i2u.ca\/fr\/wp-json\/wp\/v2\/pages\/338","targetHints":{"allow":["GET"]}}],"collection":[{"href":"https:\/\/i2u.ca\/fr\/wp-json\/wp\/v2\/pages"}],"about":[{"href":"https:\/\/i2u.ca\/fr\/wp-json\/wp\/v2\/types\/page"}],"author":[{"embeddable":true,"href":"https:\/\/i2u.ca\/fr\/wp-json\/wp\/v2\/users\/2"}],"replies":[{"embeddable":true,"href":"https:\/\/i2u.ca\/fr\/wp-json\/wp\/v2\/comments?post=338"}],"version-history":[{"count":45,"href":"https:\/\/i2u.ca\/fr\/wp-json\/wp\/v2\/pages\/338\/revisions"}],"predecessor-version":[{"id":796,"href":"https:\/\/i2u.ca\/fr\/wp-json\/wp\/v2\/pages\/338\/revisions\/796"}],"wp:attachment":[{"href":"https:\/\/i2u.ca\/fr\/wp-json\/wp\/v2\/media?parent=338"}],"curies":[{"name":"wp","href":"https:\/\/api.w.org\/{rel}","templated":true}]}}